{"id":132,"date":"2024-06-24T20:33:44","date_gmt":"2024-06-24T20:33:44","guid":{"rendered":"https:\/\/sommamato.com\/?page_id=132"},"modified":"2024-07-24T21:53:03","modified_gmt":"2024-07-24T21:53:03","slug":"aromasdecata","status":"publish","type":"page","link":"https:\/\/sommamato.com\/?page_id=132","title":{"rendered":"Aromas de Cata"},"content":{"rendered":"<div class=\"wp-block-image\">\n<figure class=\"aligncenter size-full\"><img loading=\"lazy\" decoding=\"async\" width=\"667\" height=\"500\" src=\"https:\/\/sommamato.com\/wp-content\/uploads\/2024\/07\/aromas-de-cata-1.jpg\" alt=\"\" class=\"wp-image-630\" srcset=\"https:\/\/sommamato.com\/wp-content\/uploads\/2024\/07\/aromas-de-cata-1.jpg 667w, https:\/\/sommamato.com\/wp-content\/uploads\/2024\/07\/aromas-de-cata-1-300x225.jpg 300w\" sizes=\"auto, (max-width: 667px) 100vw, 667px\" \/><\/figure>\n<\/div>\n\n<p>Todos podemos comenzar a experimentar lo sensorial cuando se degusta un vino!!!<\/p>\n<p>\u00a0Para ello, les propongo este producto que es una caja de manera, que contiene 24 esencias que simbolizan los aromas que podemos encontrar en los vinos, ya sean tintos o blancos, cuando uno prueba alguno de ellos. Adem\u00e1s, se incluyen 4 defectos que tambi\u00e9n se pueden detectar en los vinos.<\/p>\n<p>Dentro de los aromas se encuentran: frutos rojos, ciruela, cereza, pera, anan\u00e1, pomelo, lim\u00f3n, banana, manzana, violeta, flor de naranjo, higo, coco, vainilla, miel, chocolate, caf\u00e9, humo, sudor de caballo, huevo podrido, corcho y vinagre.<\/p>\n<p>\u00a0<\/p>\n<p>Esta herramienta did\u00e1ctica y l\u00fadica, nos ayuda, a trav\u00e9s del olfato de cada esencia, a agudizar los sentidos, memorizar los aromas para luego poder reconocerlos, identificarlos y recordarlos a la hora de degustar un vino. Su constante utilizaci\u00f3n, hace posible su aprendizaje.<\/p>\n<p>Incluye una tarjeta explicativa sobre el producto, los pasos a seguir sobre la din\u00e1mica de la utilizaci\u00f3n de la caja, los pasos para catar un vino y 24 tarjetas informativas sobre las caracter\u00edsticas de los aromas que contiene.\u00a0<\/p>\n<p>Este producto est\u00e1 destinado a amantes del vino, vinotecas, sommeliers, o bodegas que deseen incorporar el mismo a la venta para sus visitantes.<\/p>\n<p>Para adquirirlo, pueden comunicarse conmigo.<\/p>\n<p><style>\/*! elementor - v3.22.0 - 24-06-2024 *\/<br \/>\n.elementor-column .elementor-spacer-inner{height:var(--spacer-size)}.e-con{--container-widget-width:100%}.e-con-inner>.elementor-widget-spacer,.e-con>.elementor-widget-spacer{width:var(--container-widget-width,var(--spacer-size));--align-self:var(--container-widget-align-self,initial);--flex-shrink:0}.e-con-inner>.elementor-widget-spacer>.elementor-widget-container,.e-con>.elementor-widget-spacer>.elementor-widget-container{height:100%;width:100%}.e-con-inner>.elementor-widget-spacer>.elementor-widget-container>.elementor-spacer,.e-con>.elementor-widget-spacer>.elementor-widget-container>.elementor-spacer{height:100%}.e-con-inner>.elementor-widget-spacer>.elementor-widget-container>.elementor-spacer>.elementor-spacer-inner,.e-con>.elementor-widget-spacer>.elementor-widget-container>.elementor-spacer>.elementor-spacer-inner{height:var(--container-widget-height,var(--spacer-size))}.e-con-inner>.elementor-widget-spacer.elementor-widget-empty,.e-con>.elementor-widget-spacer.elementor-widget-empty{position:relative;min-height:22px;min-width:22px}.e-con-inner>.elementor-widget-spacer.elementor-widget-empty .elementor-widget-empty-icon,.e-con>.elementor-widget-spacer.elementor-widget-empty .elementor-widget-empty-icon{position:absolute;top:0;bottom:0;left:0;right:0;margin:auto;padding:0;width:22px;height:22px}<\/style><\/p>","protected":false},"excerpt":{"rendered":"<p>Todos podemos comenzar a experimentar lo sensorial cuando se degusta un vino!!! \u00a0Para ello, les propongo este producto que es una caja de manera, que contiene 24 esencias que simbolizan&#8230;<\/p>\n","protected":false},"author":1,"featured_media":0,"parent":0,"menu_order":0,"comment_status":"closed","ping_status":"closed","template":"","meta":{"footnotes":""},"class_list":["post-132","page","type-page","status-publish","hentry"],"_links":{"self":[{"href":"https:\/\/sommamato.com\/index.php?rest_route=\/wp\/v2\/pages\/132","targetHints":{"allow":["GET"]}}],"collection":[{"href":"https:\/\/sommamato.com\/index.php?rest_route=\/wp\/v2\/pages"}],"about":[{"href":"https:\/\/sommamato.com\/index.php?rest_route=\/wp\/v2\/types\/page"}],"author":[{"embeddable":true,"href":"https:\/\/sommamato.com\/index.php?rest_route=\/wp\/v2\/users\/1"}],"replies":[{"embeddable":true,"href":"https:\/\/sommamato.com\/index.php?rest_route=%2Fwp%2Fv2%2Fcomments&post=132"}],"version-history":[{"count":9,"href":"https:\/\/sommamato.com\/index.php?rest_route=\/wp\/v2\/pages\/132\/revisions"}],"predecessor-version":[{"id":631,"href":"https:\/\/sommamato.com\/index.php?rest_route=\/wp\/v2\/pages\/132\/revisions\/631"}],"wp:attachment":[{"href":"https:\/\/sommamato.com\/index.php?rest_route=%2Fwp%2Fv2%2Fmedia&parent=132"}],"curies":[{"name":"wp","href":"https:\/\/api.w.org\/{rel}","templated":true}]}}