{"id":135,"date":"2024-06-24T20:34:35","date_gmt":"2024-06-24T20:34:35","guid":{"rendered":"https:\/\/sommamato.com\/?page_id=135"},"modified":"2025-01-24T16:28:41","modified_gmt":"2025-01-24T16:28:41","slug":"catasprivadas","status":"publish","type":"page","link":"https:\/\/sommamato.com\/?page_id=135","title":{"rendered":"Catas privadas"},"content":{"rendered":"\n<p><\/p>\n\n\n<div class=\"wp-block-image\">\n<figure class=\"aligncenter size-full\"><img loading=\"lazy\" decoding=\"async\" width=\"625\" height=\"352\" src=\"https:\/\/sommamato.com\/wp-content\/uploads\/2024\/07\/eventos.jpg\" alt=\"\" class=\"wp-image-633\" srcset=\"https:\/\/sommamato.com\/wp-content\/uploads\/2024\/07\/eventos.jpg 625w, https:\/\/sommamato.com\/wp-content\/uploads\/2024\/07\/eventos-300x169.jpg 300w\" sizes=\"auto, (max-width: 625px) 100vw, 625px\" \/><\/figure>\n<\/div>\n\n\n<p><em>El VINO UNE<\/em><\/p>\n\n\n\n<p>Propongo catas privadas de vinos, dise\u00f1adas para empresas y grupos de amigos, proporcionando una experiencia \u00fanica donde cada propuesta se convierte en una oportunidad para fortalecer v\u00ednculos y disfrutar de momentos especiales juntos.<\/p>\n\n\n\n<p>Se degustan diferentes vinos donde recorremos los terroirs de nuestro pa\u00eds.<\/p>\n","protected":false},"excerpt":{"rendered":"<p>El VINO UNE Propongo catas privadas de vinos, dise\u00f1adas para empresas y grupos de amigos, proporcionando una experiencia \u00fanica donde cada propuesta se convierte en una oportunidad para fortalecer v\u00ednculos&#8230;<\/p>\n","protected":false},"author":1,"featured_media":0,"parent":0,"menu_order":0,"comment_status":"closed","ping_status":"closed","template":"","meta":{"footnotes":""},"class_list":["post-135","page","type-page","status-publish","hentry"],"_links":{"self":[{"href":"https:\/\/sommamato.com\/index.php?rest_route=\/wp\/v2\/pages\/135","targetHints":{"allow":["GET"]}}],"collection":[{"href":"https:\/\/sommamato.com\/index.php?rest_route=\/wp\/v2\/pages"}],"about":[{"href":"https:\/\/sommamato.com\/index.php?rest_route=\/wp\/v2\/types\/page"}],"author":[{"embeddable":true,"href":"https:\/\/sommamato.com\/index.php?rest_route=\/wp\/v2\/users\/1"}],"replies":[{"embeddable":true,"href":"https:\/\/sommamato.com\/index.php?rest_route=%2Fwp%2Fv2%2Fcomments&post=135"}],"version-history":[{"count":9,"href":"https:\/\/sommamato.com\/index.php?rest_route=\/wp\/v2\/pages\/135\/revisions"}],"predecessor-version":[{"id":662,"href":"https:\/\/sommamato.com\/index.php?rest_route=\/wp\/v2\/pages\/135\/revisions\/662"}],"wp:attachment":[{"href":"https:\/\/sommamato.com\/index.php?rest_route=%2Fwp%2Fv2%2Fmedia&parent=135"}],"curies":[{"name":"wp","href":"https:\/\/api.w.org\/{rel}","templated":true}]}}